{"id":2291,"date":"2024-11-22T11:04:01","date_gmt":"2024-11-22T09:04:01","guid":{"rendered":"https:\/\/jprousarchitects.com\/contacte\/"},"modified":"2025-12-12T19:30:46","modified_gmt":"2025-12-12T17:30:46","slug":"contacte","status":"publish","type":"page","link":"https:\/\/jprousarchitects.com\/ca\/contacte\/","title":{"rendered":"Contacte"},"content":{"rendered":"\n<p>Jaime Prous Architects ofereix experi\u00e8ncies de treball a diferents nivells a arquitectes, dissenyadors d\u2019interior, comunicadors, relacions p\u00fabliques i pr\u00e0ctiques.<\/p>\n\n<p>Per aplicar, si us plau, envia el portfolio (m\u00e0x. 10 MB) incloent el CV amb una carta de presentaci\u00f3 i mostres representatives del seu treball.<\/p>\n\n<p>Siusplau, escriu-nos a:<br\/><a href=\"mailto:apply@jprousarchitects.com\" target=\"_blank\" rel=\"noreferrer noopener\">apply@jprousarchitects.com<\/a><\/p>\n","protected":false},"excerpt":{"rendered":"<p>Jaime Prous Architects ofereix experi\u00e8ncies de treball a diferents nivells a arquitectes, dissenyadors d\u2019interior, comunicadors, relacions p\u00fabliques i pr\u00e0ctiques. Per aplicar, si us plau, envia el portfolio (m\u00e0x. 10 MB) incloent el CV amb una carta de presentaci\u00f3 i mostres representatives del seu treball. Siusplau, escriu-nos a:apply@jprousarchitects.com<\/p>\n","protected":false},"author":1,"featured_media":1433,"parent":0,"menu_order":10,"comment_status":"closed","ping_status":"closed","template":"","meta":{"footnotes":""},"hf_cat_page":[12],"class_list":["post-2291","page","type-page","status-publish","has-post-thumbnail","hentry"],"meta_box":[],"_links":{"self":[{"href":"https:\/\/jprousarchitects.com\/ca\/wp-json\/wp\/v2\/pages\/2291","targetHints":{"allow":["GET"]}}],"collection":[{"href":"https:\/\/jprousarchitects.com\/ca\/wp-json\/wp\/v2\/pages"}],"about":[{"href":"https:\/\/jprousarchitects.com\/ca\/wp-json\/wp\/v2\/types\/page"}],"author":[{"embeddable":true,"href":"https:\/\/jprousarchitects.com\/ca\/wp-json\/wp\/v2\/users\/1"}],"replies":[{"embeddable":true,"href":"https:\/\/jprousarchitects.com\/ca\/wp-json\/wp\/v2\/comments?post=2291"}],"version-history":[{"count":1,"href":"https:\/\/jprousarchitects.com\/ca\/wp-json\/wp\/v2\/pages\/2291\/revisions"}],"predecessor-version":[{"id":2874,"href":"https:\/\/jprousarchitects.com\/ca\/wp-json\/wp\/v2\/pages\/2291\/revisions\/2874"}],"wp:featuredmedia":[{"embeddable":true,"href":"https:\/\/jprousarchitects.com\/ca\/wp-json\/wp\/v2\/media\/1433"}],"wp:attachment":[{"href":"https:\/\/jprousarchitects.com\/ca\/wp-json\/wp\/v2\/media?parent=2291"}],"wp:term":[{"taxonomy":"hf_cat_page","embeddable":true,"href":"https:\/\/jprousarchitects.com\/ca\/wp-json\/wp\/v2\/hf_cat_page?post=2291"}],"curies":[{"name":"wp","href":"https:\/\/api.w.org\/{rel}","templated":true}]}}