{"id":2297,"date":"2024-11-22T11:04:01","date_gmt":"2024-11-22T10:04:01","guid":{"rendered":"https:\/\/jprousarchitects.com\/deep-skin\/"},"modified":"2025-01-27T17:35:06","modified_gmt":"2025-01-27T16:35:06","slug":"deep-skin","status":"publish","type":"page","link":"https:\/\/jprousarchitects.com\/ca\/deep-skin\/","title":{"rendered":"Deep Skin"},"content":{"rendered":"\n<p>Per Jaime Prous + Pablo Garrido<\/p>\n\n<p>LEARNING ARCHITECTURE + TECHNOLOGY, VOL. I + 60 CASE STUDIES <\/p>\n\n<p>El m\u00e9s profund de l\u2019home \u00e9s la pell, va escriure en Paul Val\u00e9ry. Pot ser que tamb\u00e9 ho sigui en l\u2019arquitectura contempor\u00e0nia i el seu repertori de pells de tot tipus: superf\u00edcies infinites de vidre, fa\u00e7anes que desafien les lleis de la gravetat, envolupants tan primes com el gruix del llom d\u2019un llibre\u2026 m\u00e0gia i espectacle. Pocs arquitectes poden resistir-se a la fascinaci\u00f3 per la pell dels edificis.  DEEP SKIN t\u00e9 a veure amb aquesta fascinaci\u00f3, la tecnologia de la construcci\u00f3, l\u2019arquitectura i la formaci\u00f3, per\u00f2 no \u00e9s un llibre d\u2019apunts, ni un manual t\u00e8cnic, ni una recopilaci\u00f3 d\u2019articles cient\u00edfics, ni una publicaci\u00f3 de tend\u00e8ncies, tampoc un manifest.<\/p>\n\n<p>DEEP SKIN neix a partir de la fascinaci\u00f3 i de les experi\u00e8ncies, inquietuds i limitacions de l\u2019equip docent de l\u2019assignatura Envolupants Lleugeres (ETSAV, Universitat Polit\u00e8cnica de Catalunya) i de les aportacions d\u2019altres persones que, de manera directa o indirecta, han participat d\u2019aquesta activitat.<\/p>\n\n<p>SINOPSI<br\/>A DEEP SKIN els autors usen l\u2019analogia i el sentit de l\u2019humor per demolir la sempre pat\u00e8tica organitzaci\u00f3 del coneixement t\u00e8cnic com una aglomeraci\u00f3 de sabers entorn d\u2019un problema concret.\nUna oportunitat per gaudir d\u2019una variada \u201cgastronomia tecnol\u00f2gica\u201d a trav\u00e9s de la reflexi\u00f3, l\u2019aprenentatge i una bona companyia arquitect\u00f2nica. <\/p>\n\n<p>Pr\u00f2legs de:<br\/>Michel Bras<br\/>Albert Cuch\u00ed<\/p>\n\n<p>Amb la col\u00b7laboraci\u00f3 de:<br\/>Pablo Garrido<br\/>Jaime Prous<br\/>Oriol Muntan\u00e9<br\/>Jaume Avellaneda<br\/>Claudi Aguil\u00f3<br\/>Xavier Ferr\u00e9s<br\/>Cristina Pardal<br\/>Ignacio Paricio<br\/>Coque Claret<br\/>Joan Sabat\u00e9<\/p>\n\n<p>ESPECIFICACIONS<br\/>Espanyol \/ Angl\u00e8s<br\/>ISBN 978-84-09-01708-9<br\/>21 x 14,8 cm<br\/>384 p\u00e0gines<br\/>R\u00fastica<br\/>Editat per Fundaci\u00f3 Alumilux<br\/>Preu: 29,99\u20ac<\/p>\n\n<p><strong>Reserva el teu exemplar a<a href=\"mailto:hola@jaimeprousarc-zrkt.1wp.site\">hola@jaimeprousarc-zrkt.1wp.site<\/a><\/strong><\/p>\n","protected":false},"excerpt":{"rendered":"<p>Per Jaime Prous + Pablo Garrido LEARNING ARCHITECTURE + TECHNOLOGY, VOL. I + 60 CASE STUDIES El m\u00e9s profund de l\u2019home \u00e9s la pell, va escriure en Paul Val\u00e9ry. Pot ser que tamb\u00e9 ho sigui en l\u2019arquitectura contempor\u00e0nia i el seu repertori de pells de tot tipus: superf\u00edcies infinites de vidre, fa\u00e7anes que desafien les [&hellip;]<\/p>\n","protected":false},"author":1,"featured_media":1447,"parent":0,"menu_order":11,"comment_status":"closed","ping_status":"closed","template":"","meta":{"footnotes":""},"hf_cat_page":[12],"class_list":["post-2297","page","type-page","status-publish","has-post-thumbnail","hentry"],"meta_box":[],"_links":{"self":[{"href":"https:\/\/jprousarchitects.com\/ca\/wp-json\/wp\/v2\/pages\/2297","targetHints":{"allow":["GET"]}}],"collection":[{"href":"https:\/\/jprousarchitects.com\/ca\/wp-json\/wp\/v2\/pages"}],"about":[{"href":"https:\/\/jprousarchitects.com\/ca\/wp-json\/wp\/v2\/types\/page"}],"author":[{"embeddable":true,"href":"https:\/\/jprousarchitects.com\/ca\/wp-json\/wp\/v2\/users\/1"}],"replies":[{"embeddable":true,"href":"https:\/\/jprousarchitects.com\/ca\/wp-json\/wp\/v2\/comments?post=2297"}],"version-history":[{"count":0,"href":"https:\/\/jprousarchitects.com\/ca\/wp-json\/wp\/v2\/pages\/2297\/revisions"}],"wp:featuredmedia":[{"embeddable":true,"href":"https:\/\/jprousarchitects.com\/ca\/wp-json\/wp\/v2\/media\/1447"}],"wp:attachment":[{"href":"https:\/\/jprousarchitects.com\/ca\/wp-json\/wp\/v2\/media?parent=2297"}],"wp:term":[{"taxonomy":"hf_cat_page","embeddable":true,"href":"https:\/\/jprousarchitects.com\/ca\/wp-json\/wp\/v2\/hf_cat_page?post=2297"}],"curies":[{"name":"wp","href":"https:\/\/api.w.org\/{rel}","templated":true}]}}