{"id":2303,"date":"2024-11-22T11:04:01","date_gmt":"2024-11-22T10:04:01","guid":{"rendered":"https:\/\/jprousarchitects.com\/lestudi\/"},"modified":"2025-01-27T12:56:14","modified_gmt":"2025-01-27T11:56:14","slug":"lestudi","status":"publish","type":"page","link":"https:\/\/jprousarchitects.com\/ca\/lestudi\/","title":{"rendered":"L&#8217;estudi"},"content":{"rendered":"\n<p>L&#8217;equip de <strong>Jaime Prous Architects<\/strong> ha desenvolupat una \u00e0mplia varietat de projectes, incloent-hi obres comercials, residencials i equipaments, tant de petita com de gran escala. Al despatx es combina la pr\u00e0ctica de l&#8217;arquitectura per a enc\u00e0rrecs privats amb la realitzaci\u00f3 d&#8217;obra p\u00fablica a trav\u00e9s de concursos.<\/p>\n\n<p>La seva filosofia es caracteritza per la capacitat d&#8217;entendre les necessitats de cada client i de cada projecte. Llegir l&#8217;entorn i adaptar-se al territori \u00e9s una altra de les seves prioritats en cada treball. El despatx busca trobar la soluci\u00f3 m\u00e9s coherent per a cada problema, intentant anar m\u00e9s enll\u00e0 en termes de solucions arquitect\u00f2niques i tecnol\u00f2giques. L&#8217;objectiu \u00e9s crear una arquitectura capa\u00e7 d&#8217;emocionar aquells que l&#8217;habiten o la visiten.<\/p>\n\n<p>El seu director, Jaime Prous, combina la pr\u00e0ctica professional amb activitats complement\u00e0ries com la doc\u00e8ncia i la investigaci\u00f3. \u00c9s professor del departament de tecnologia de l\u2019ETSAV de la UPC, al campus de Sant Cugat del Vall\u00e8s, i coautor del llibre <em>Deep Skin<\/em>, un assaig sobre tecnologia.<\/p>\n\n<p>El despatx ha estat publicat en nombroses ocasions i ha estat nominat i guardonat amb diversos premis, entre els quals destaquen els seg\u00fcents:<\/p>\n\n<h2 class=\"wp-block-heading\"><strong>PREMIS<\/strong><\/h2>\n\n<p>Finalista I FAD 2023 I Paisatgisme<br\/>Bassa D.O Alella, Alella<\/p>\n\n<p>Menci\u00f3 d&#8217;honor I Premis d\u2019Arquitectura de les Comarques de Girona 2023 | Arquitectures<br\/>L\u2019alzina, Caldes de Malavella<\/p>\n\n<p>Seleccionat I CSCAE 2023 I Arquitectura<br\/>L\u2019alzina, Caldes de Malavella<\/p>\n\n<p>Seleccionat I Premi Palmar\u00e9s 2021 I Arquitectura<br\/>Villa Gesep, La Garriga<\/p>\n\n<p>Obra premiada I Premis Bulthaup 2020 I La cuina com espai vital<br\/>Villa Sesom, Caldes de Malavella<\/p>\n\n<p>Obra premiada | Premis AJAC XI<br\/>Stand Alumilux<\/p>\n\n<p>Obra seleccionada | Premis d&#8217;Arquitectura de les Comarques de Girona 2018 | Arquitectures<br\/>Apartaments La Selva, Caldes de Malavella<\/p>\n\n<p>Seleccionat | FAD 2017 | Intervencions ef\u00edmeres<br\/>Catifa D\u2019alumini 9X16m, Alumilux, Banyoles<\/p>\n\n<p>Obra seleccionada | Premis d&#8217;Arquitectura de les Comarques de Girona 2017 | Arquitectures<br\/>Showvila La Pineda, Caldes de Malavella<\/p>\n\n<p>Millor Stand | Premi Bb Construmat 2017<br\/>Stand Alumilux<\/p>\n","protected":false},"excerpt":{"rendered":"<p>L&#8217;equip de Jaime Prous Architects ha desenvolupat una \u00e0mplia varietat de projectes, incloent-hi obres comercials, residencials i equipaments, tant de petita com de gran escala. Al despatx es combina la pr\u00e0ctica de l&#8217;arquitectura per a enc\u00e0rrecs privats amb la realitzaci\u00f3 d&#8217;obra p\u00fablica a trav\u00e9s de concursos. La seva filosofia es caracteritza per la capacitat d&#8217;entendre [&hellip;]<\/p>\n","protected":false},"author":1,"featured_media":1431,"parent":0,"menu_order":2,"comment_status":"closed","ping_status":"closed","template":"","meta":{"footnotes":""},"hf_cat_page":[12],"class_list":["post-2303","page","type-page","status-publish","has-post-thumbnail","hentry"],"meta_box":[],"_links":{"self":[{"href":"https:\/\/jprousarchitects.com\/ca\/wp-json\/wp\/v2\/pages\/2303","targetHints":{"allow":["GET"]}}],"collection":[{"href":"https:\/\/jprousarchitects.com\/ca\/wp-json\/wp\/v2\/pages"}],"about":[{"href":"https:\/\/jprousarchitects.com\/ca\/wp-json\/wp\/v2\/types\/page"}],"author":[{"embeddable":true,"href":"https:\/\/jprousarchitects.com\/ca\/wp-json\/wp\/v2\/users\/1"}],"replies":[{"embeddable":true,"href":"https:\/\/jprousarchitects.com\/ca\/wp-json\/wp\/v2\/comments?post=2303"}],"version-history":[{"count":0,"href":"https:\/\/jprousarchitects.com\/ca\/wp-json\/wp\/v2\/pages\/2303\/revisions"}],"wp:featuredmedia":[{"embeddable":true,"href":"https:\/\/jprousarchitects.com\/ca\/wp-json\/wp\/v2\/media\/1431"}],"wp:attachment":[{"href":"https:\/\/jprousarchitects.com\/ca\/wp-json\/wp\/v2\/media?parent=2303"}],"wp:term":[{"taxonomy":"hf_cat_page","embeddable":true,"href":"https:\/\/jprousarchitects.com\/ca\/wp-json\/wp\/v2\/hf_cat_page?post=2303"}],"curies":[{"name":"wp","href":"https:\/\/api.w.org\/{rel}","templated":true}]}}