{"id":2853,"date":"2024-01-28T18:16:37","date_gmt":"2024-01-28T17:16:37","guid":{"rendered":"https:\/\/jprousarchitects.com\/avis-legal\/"},"modified":"2025-07-11T10:30:22","modified_gmt":"2025-07-11T09:30:22","slug":"avis-legal","status":"publish","type":"page","link":"https:\/\/jprousarchitects.com\/ca\/avis-legal\/","title":{"rendered":"Av\u00eds legal"},"content":{"rendered":"\n<p>De conformitat amb l&#8217;article 10 de la Llei 34\/2002, d&#8217;11 de juliol, de Serveis de la Societat de la Informaci\u00f3 i del Comer\u00e7 Electr\u00f2nic, us facilitem la seg\u00fcent informaci\u00f3:<\/p>\n\n<p>JAIME PROUS ARQUITECTES, SL. t\u00e9 el domicili social a Rambla Catalunya 120, 3a planta, amb CIF B66484486. Inscrita al Registre Mercantil de Barcelona, \u200b\u200bVol. 44703, Foli 6, Full B-473963, Inscripci\u00f3 138\/2015.   <\/p>\n\n<p>Al lloc web <a href=\"https:\/\/jprousarchitects.com\/\">www.jprousarchitects.com<\/a> hi ha una s\u00e8rie de continguts informatius sobre els projectes realitzats a l&#8217;estudi des de la seva creaci\u00f3 fins a l&#8217;actualitat. El seu principal objectiu \u00e9s proporcionar als clients i al p\u00fablic en general informaci\u00f3 sobre l&#8217;empresa, els productes i els serveis que s&#8217;ofereixen.<\/p>\n\n<p><\/p>\n","protected":false},"excerpt":{"rendered":"<p>De conformitat amb l&#8217;article 10 de la Llei 34\/2002, d&#8217;11 de juliol, de Serveis de la Societat de la Informaci\u00f3 i del Comer\u00e7 Electr\u00f2nic, us facilitem la seg\u00fcent informaci\u00f3: JAIME PROUS ARQUITECTES, SL. t\u00e9 el domicili social a Rambla Catalunya 120, 3a planta, amb CIF B66484486. Inscrita al Registre Mercantil de Barcelona, \u200b\u200bVol. 44703, Foli [&hellip;]<\/p>\n","protected":false},"author":1,"featured_media":0,"parent":0,"menu_order":1,"comment_status":"closed","ping_status":"closed","template":"","meta":{"footnotes":""},"hf_cat_page":[11],"class_list":["post-2853","page","type-page","status-publish","hentry"],"meta_box":[],"_links":{"self":[{"href":"https:\/\/jprousarchitects.com\/ca\/wp-json\/wp\/v2\/pages\/2853","targetHints":{"allow":["GET"]}}],"collection":[{"href":"https:\/\/jprousarchitects.com\/ca\/wp-json\/wp\/v2\/pages"}],"about":[{"href":"https:\/\/jprousarchitects.com\/ca\/wp-json\/wp\/v2\/types\/page"}],"author":[{"embeddable":true,"href":"https:\/\/jprousarchitects.com\/ca\/wp-json\/wp\/v2\/users\/1"}],"replies":[{"embeddable":true,"href":"https:\/\/jprousarchitects.com\/ca\/wp-json\/wp\/v2\/comments?post=2853"}],"version-history":[{"count":1,"href":"https:\/\/jprousarchitects.com\/ca\/wp-json\/wp\/v2\/pages\/2853\/revisions"}],"predecessor-version":[{"id":2854,"href":"https:\/\/jprousarchitects.com\/ca\/wp-json\/wp\/v2\/pages\/2853\/revisions\/2854"}],"wp:attachment":[{"href":"https:\/\/jprousarchitects.com\/ca\/wp-json\/wp\/v2\/media?parent=2853"}],"wp:term":[{"taxonomy":"hf_cat_page","embeddable":true,"href":"https:\/\/jprousarchitects.com\/ca\/wp-json\/wp\/v2\/hf_cat_page?post=2853"}],"curies":[{"name":"wp","href":"https:\/\/api.w.org\/{rel}","templated":true}]}}