{"id":2857,"date":"2024-11-22T12:04:07","date_gmt":"2024-11-22T11:04:07","guid":{"rendered":"https:\/\/jprousarchitects.com\/accessibilitat\/"},"modified":"2025-07-11T10:43:09","modified_gmt":"2025-07-11T09:43:09","slug":"accessibilitat","status":"publish","type":"page","link":"https:\/\/jprousarchitects.com\/ca\/accessibilitat\/","title":{"rendered":"Accessibilitat"},"content":{"rendered":"\n<p>Jaime Prous Architects SL. s&#8217;ha comprom\u00e8s a fer que el seu lloc web sigui accessible d&#8217;acord amb la norma UNE-EN 301 549:2022 (versi\u00f3 oficial en castell\u00e0 de la norma europea EN 301 549 v.3.2.1 (2021-03). Aquesta declaraci\u00f3 d&#8217;accessibilitat s&#8217;aplica a jprousarchitects.com.  <\/p>\n\n<h2 class=\"wp-block-heading\">Accessibilitat web<\/h2>\n\n<p>Creiem en proporcionar un entorn digital inclusiu on tothom pugui accedir al nostre contingut, productes i serveis independentment de les seves capacitats. El nostre comprom\u00eds amb l&#8217;accessibilitat no es limita al compliment de les normes, sin\u00f3 a proporcionar una experi\u00e8ncia excel\u00b7lent per a tots els usuaris. <\/p>\n\n<p>Per complir amb aix\u00f2, ens proposem adherir al m\u00e0xim a les Directrius d&#8217;Accessibilitat al Contingut Web 2.1 (WCAG 2.1) del Consorci Mundial de la Web (W3C) a nivell AA.<\/p>\n\n<p>I per aquesta ra\u00f3:<\/p>\n\n<ul class=\"wp-block-list\">\n<li>Treballem per fer que el nostre lloc web sigui compatible amb la majoria de navegadors i dispositius.<\/li>\n\n\n\n<li>El nostre lloc web est\u00e0 dissenyat per ser navegable amb un teclat.<\/li>\n\n\n\n<li>Ens esforcem per mantenir un disseny coherent a tot el lloc web.<\/li>\n\n\n\n<li>Comprovem les relacions de contrast entre els colors utilitzats.<\/li>\n\n\n\n<li>Ens esforcem per complir amb altres est\u00e0ndards d&#8217;accessibilitat de les WCAG (nivell AA).<\/li>\n<\/ul>\n\n<h2 class=\"wp-block-heading\">Lector de pantalla i navegaci\u00f3 amb teclat<\/h2>\n\n<p>El nostre lloc web implementa la t\u00e8cnica d&#8217;atributs ARIA (Aplicacions d&#8217;Internet Accessibles i Enriquides) per garantir que els usuaris amb discapacitat visual que utilitzen lectors de pantalla o VoiceOver puguin llegir, entendre i gaudir del lloc web.<\/p>\n\n<p>Proporcionem dades significatives als lectors de pantalla mitjan\u00e7ant el conjunt d&#8217;atributs ARIA. Per exemple, proporcionem etiquetes de formulari precises; descripcions d&#8217;icones; guia de validaci\u00f3 per a entrades de formulari; funcions d&#8217;elements com ara botons, men\u00fas, di\u00e0legs modals (finestres emergents) i altres. <\/p>\n\n<p>A m\u00e9s, les imatges tenen una etiqueta ALT (text alternatiu) amb una descripci\u00f3 contextual del que es veu.<\/p>\n\n<p>A m\u00e9s, el lloc web es pot utilitzar amb el teclat. Aix\u00f2 inclou la possibilitat de navegar pel lloc web amb les tecles Tabulador i Maj\u00fascules + Tabulador, operar els men\u00fas desplegables amb les tecles de fletxa, tancar-los amb Esc, activar botons i enlla\u00e7os amb la tecla Intro, navegar entre elements de r\u00e0dio i verificaci\u00f3 de caselles de selecci\u00f3 amb les tecles de fletxa i omplir-los amb la barra espaiadora o la tecla Intro. <\/p>\n\n<p>A m\u00e9s, els usuaris del teclat trobaran men\u00fas de navegaci\u00f3 r\u00e0pida i per saltar contingut, disponibles com a primer element del lloc quan naveguin amb el teclat.<\/p>\n\n<h2 class=\"wp-block-heading\">Suggeriments per millorar l&#8217;accessibilitat<\/h2>\n\n<p>Valorem els vostres comentaris i sempre busquem millorar les nostres funcions d&#8217;accessibilitat. Si trobeu barreres d&#8217;accessibilitat o teniu suggeriments sobre com podem millorar, poseu-vos en contacte amb nosaltres: <\/p>\n\n<p>Email: hola@jaimeprousarc-zrkt.1wp.site<br\/>Tel\u00e8fon: +34 933 606 781<\/p>\n","protected":false},"excerpt":{"rendered":"<p>Jaime Prous Architects SL. s&#8217;ha comprom\u00e8s a fer que el seu lloc web sigui accessible d&#8217;acord amb la norma UNE-EN 301 549:2022 (versi\u00f3 oficial en castell\u00e0 de la norma europea EN 301 549 v.3.2.1 (2021-03). Aquesta declaraci\u00f3 d&#8217;accessibilitat s&#8217;aplica a jprousarchitects.com. Accessibilitat web Creiem en proporcionar un entorn digital inclusiu on tothom pugui accedir al [&hellip;]<\/p>\n","protected":false},"author":1,"featured_media":0,"parent":0,"menu_order":4,"comment_status":"closed","ping_status":"closed","template":"","meta":{"footnotes":""},"hf_cat_page":[11],"class_list":["post-2857","page","type-page","status-publish","hentry"],"meta_box":[],"_links":{"self":[{"href":"https:\/\/jprousarchitects.com\/ca\/wp-json\/wp\/v2\/pages\/2857","targetHints":{"allow":["GET"]}}],"collection":[{"href":"https:\/\/jprousarchitects.com\/ca\/wp-json\/wp\/v2\/pages"}],"about":[{"href":"https:\/\/jprousarchitects.com\/ca\/wp-json\/wp\/v2\/types\/page"}],"author":[{"embeddable":true,"href":"https:\/\/jprousarchitects.com\/ca\/wp-json\/wp\/v2\/users\/1"}],"replies":[{"embeddable":true,"href":"https:\/\/jprousarchitects.com\/ca\/wp-json\/wp\/v2\/comments?post=2857"}],"version-history":[{"count":1,"href":"https:\/\/jprousarchitects.com\/ca\/wp-json\/wp\/v2\/pages\/2857\/revisions"}],"predecessor-version":[{"id":2858,"href":"https:\/\/jprousarchitects.com\/ca\/wp-json\/wp\/v2\/pages\/2857\/revisions\/2858"}],"wp:attachment":[{"href":"https:\/\/jprousarchitects.com\/ca\/wp-json\/wp\/v2\/media?parent=2857"}],"wp:term":[{"taxonomy":"hf_cat_page","embeddable":true,"href":"https:\/\/jprousarchitects.com\/ca\/wp-json\/wp\/v2\/hf_cat_page?post=2857"}],"curies":[{"name":"wp","href":"https:\/\/api.w.org\/{rel}","templated":true}]}}