{"id":2293,"date":"2024-11-22T11:04:01","date_gmt":"2024-11-22T09:04:01","guid":{"rendered":"https:\/\/jprousarchitects.com\/contacto\/"},"modified":"2025-12-12T19:30:50","modified_gmt":"2025-12-12T17:30:50","slug":"contacto","status":"publish","type":"page","link":"https:\/\/jprousarchitects.com\/es\/contacto\/","title":{"rendered":"Contacto"},"content":{"rendered":"\n<p>Jaime Prous Architects ofrece experiencias de trabajo a diferentes niveles a arquitectos, dise\u00f1adores de interior, comunicadores, relaciones p\u00fablicas y pr\u00e1cticas.<\/p>\n\n<p>Para aplicar, por favor, env\u00eda el portfolio (m\u00e1x. 10 MB) incluyendo el CV con una carta de presentaci\u00f3n y muestras representativas de tu trabajo.<\/p>\n\n<p>Por favor, escr\u00edbenos a:<br\/><a href=\"mailto:apply@jprousarchitects.com\" target=\"_blank\" rel=\"noreferrer noopener\">apply@jprousarchitects.com<\/a><\/p>\n","protected":false},"excerpt":{"rendered":"<p>Jaime Prous Architects ofrece experiencias de trabajo a diferentes niveles a arquitectos, dise\u00f1adores de interior, comunicadores, relaciones p\u00fablicas y pr\u00e1cticas. Para aplicar, por favor, env\u00eda el portfolio (m\u00e1x. 10 MB) incluyendo el CV con una carta de presentaci\u00f3n y muestras representativas de tu trabajo. Por favor, escr\u00edbenos a:apply@jprousarchitects.com<\/p>\n","protected":false},"author":1,"featured_media":1434,"parent":0,"menu_order":10,"comment_status":"closed","ping_status":"closed","template":"","meta":{"footnotes":""},"hf_cat_page":[12],"class_list":["post-2293","page","type-page","status-publish","has-post-thumbnail","hentry"],"meta_box":[],"_links":{"self":[{"href":"https:\/\/jprousarchitects.com\/es\/wp-json\/wp\/v2\/pages\/2293","targetHints":{"allow":["GET"]}}],"collection":[{"href":"https:\/\/jprousarchitects.com\/es\/wp-json\/wp\/v2\/pages"}],"about":[{"href":"https:\/\/jprousarchitects.com\/es\/wp-json\/wp\/v2\/types\/page"}],"author":[{"embeddable":true,"href":"https:\/\/jprousarchitects.com\/es\/wp-json\/wp\/v2\/users\/1"}],"replies":[{"embeddable":true,"href":"https:\/\/jprousarchitects.com\/es\/wp-json\/wp\/v2\/comments?post=2293"}],"version-history":[{"count":1,"href":"https:\/\/jprousarchitects.com\/es\/wp-json\/wp\/v2\/pages\/2293\/revisions"}],"predecessor-version":[{"id":2875,"href":"https:\/\/jprousarchitects.com\/es\/wp-json\/wp\/v2\/pages\/2293\/revisions\/2875"}],"wp:featuredmedia":[{"embeddable":true,"href":"https:\/\/jprousarchitects.com\/es\/wp-json\/wp\/v2\/media\/1434"}],"wp:attachment":[{"href":"https:\/\/jprousarchitects.com\/es\/wp-json\/wp\/v2\/media?parent=2293"}],"wp:term":[{"taxonomy":"hf_cat_page","embeddable":true,"href":"https:\/\/jprousarchitects.com\/es\/wp-json\/wp\/v2\/hf_cat_page?post=2293"}],"curies":[{"name":"wp","href":"https:\/\/api.w.org\/{rel}","templated":true}]}}