{"id":2295,"date":"2024-11-22T11:04:01","date_gmt":"2024-11-22T10:04:01","guid":{"rendered":"https:\/\/jprousarchitects.com\/deep-skin\/"},"modified":"2025-01-27T17:07:56","modified_gmt":"2025-01-27T16:07:56","slug":"deep-skin","status":"publish","type":"page","link":"https:\/\/jprousarchitects.com\/es\/deep-skin\/","title":{"rendered":"Deep Skin"},"content":{"rendered":"\n<p>Por Jaime Prous + Pablo Garrido<\/p>\n\n<p>LEARNING ARCHITECTURE + TECHNOLOGY, VOL. I<br\/>+ 60 CASE STUDIES<\/p>\n\n<p>Lo m\u00e1s profundo del hombre es la piel, escribi\u00f3 Paul Val\u00e9ry. Puede que tambi\u00e9n lo sea en la arquitectura contempor\u00e1nea y su repertorio de pieles de todo tipo: superficies infinitas de vidrio, fachadas que desaf\u00edan las leyes de la gravedad, envolventes tan delgadas como el grueso del lomo de un libro\u2026 magia y espect\u00e1culo. Pocos arquitectos pueden resistirse a la fascinaci\u00f3n por la piel de los edificios. DEEP SKIN tiene que ver con esa fascinaci\u00f3n, la tecnolog\u00eda de la construcci\u00f3n, la arquitectura y la formaci\u00f3n, pero no es un libro de apuntes, ni un manual t\u00e9cnico, ni una recopilaci\u00f3n de art\u00edculos cient\u00edficos, ni una publicaci\u00f3n de tendencias, tampoco un manifiesto.<\/p>\n\n<p>DEEP SKIN was born out of this fascination and of the experiences, concerns and limitations of the \u201cLight Envelopes\u201d course (ETSAV) teaching staff at the Universidad Polit\u00e9cnica de Catalunya, plus contributions from other people who have participated in this project, either directly or indirectly.<\/p>\n\n<p>SINOPSIS<br\/>En DEEP SKIN los autores usan la analog\u00eda y el sentido del humor para demoler la siempre pat\u00e9tica organizaci\u00f3n del conocimiento t\u00e9cnico como una aglomeraci\u00f3n de saberes en torno de un problema concreto. Una oportunidad para disfrutar de una variada \u201cgastronom\u00eda tecnol\u00f3gica\u201d a trav\u00e9s de la reflexi\u00f3n, el aprendizaje y una buena compa\u00f1\u00eda arquitect\u00f3nica.<\/p>\n\n<p>Pr\u00f3logos de:<br\/>Michel Bras<br\/>Albert Cuch\u00ed<\/p>\n\n<p>Con la colaboraci\u00f3n de:<br\/>Pablo Garrido<br\/>Jaime Prous<br\/>Oriol Muntan\u00e9<br\/>Jaume Avellaneda<br\/>Claudi Aguil\u00f3<br\/>Xavier Ferr\u00e9s<br\/>Cristina Pardal<br\/>Ignacio Paricio<br\/>Coque Claret<br\/>Joan Sabat\u00e9<\/p>\n\n<p>ESPECIFICACIONES<br\/>Espa\u00f1ol \/ English<br\/>ISBN 978-84-09-01708-9<br\/>21 x 14,8 cm<br\/>384 p\u00e1ginas<br\/>R\u00fastica<br\/>Editado por Fundaci\u00f3 Alumilux<br\/>Precio: 29,99\u20ac<\/p>\n\n<p><strong>Reserva tu ejemplar en <a href=\"mailto:hola@jaimeprousarc-zrkt.1wp.site\">hola@jaimeprousarc-zrkt.1wp.site<\/a><\/strong><\/p>\n","protected":false},"excerpt":{"rendered":"<p>Por Jaime Prous + Pablo Garrido LEARNING ARCHITECTURE + TECHNOLOGY, VOL. I+ 60 CASE STUDIES Lo m\u00e1s profundo del hombre es la piel, escribi\u00f3 Paul Val\u00e9ry. Puede que tambi\u00e9n lo sea en la arquitectura contempor\u00e1nea y su repertorio de pieles de todo tipo: superficies infinitas de vidrio, fachadas que desaf\u00edan las leyes de la gravedad, [&hellip;]<\/p>\n","protected":false},"author":1,"featured_media":1448,"parent":0,"menu_order":11,"comment_status":"closed","ping_status":"closed","template":"","meta":{"footnotes":""},"hf_cat_page":[12],"class_list":["post-2295","page","type-page","status-publish","has-post-thumbnail","hentry"],"meta_box":[],"_links":{"self":[{"href":"https:\/\/jprousarchitects.com\/es\/wp-json\/wp\/v2\/pages\/2295","targetHints":{"allow":["GET"]}}],"collection":[{"href":"https:\/\/jprousarchitects.com\/es\/wp-json\/wp\/v2\/pages"}],"about":[{"href":"https:\/\/jprousarchitects.com\/es\/wp-json\/wp\/v2\/types\/page"}],"author":[{"embeddable":true,"href":"https:\/\/jprousarchitects.com\/es\/wp-json\/wp\/v2\/users\/1"}],"replies":[{"embeddable":true,"href":"https:\/\/jprousarchitects.com\/es\/wp-json\/wp\/v2\/comments?post=2295"}],"version-history":[{"count":0,"href":"https:\/\/jprousarchitects.com\/es\/wp-json\/wp\/v2\/pages\/2295\/revisions"}],"wp:featuredmedia":[{"embeddable":true,"href":"https:\/\/jprousarchitects.com\/es\/wp-json\/wp\/v2\/media\/1448"}],"wp:attachment":[{"href":"https:\/\/jprousarchitects.com\/es\/wp-json\/wp\/v2\/media?parent=2295"}],"wp:term":[{"taxonomy":"hf_cat_page","embeddable":true,"href":"https:\/\/jprousarchitects.com\/es\/wp-json\/wp\/v2\/hf_cat_page?post=2295"}],"curies":[{"name":"wp","href":"https:\/\/api.w.org\/{rel}","templated":true}]}}