{"id":2307,"date":"2024-11-22T11:04:01","date_gmt":"2024-11-22T10:04:01","guid":{"rendered":"https:\/\/jprousarchitects.com\/estudio\/"},"modified":"2025-01-27T13:00:03","modified_gmt":"2025-01-27T12:00:03","slug":"estudio","status":"publish","type":"page","link":"https:\/\/jprousarchitects.com\/es\/estudio\/","title":{"rendered":"Estudio"},"content":{"rendered":"\n<p>El equipo de <strong>Jaime Prous Architecs<\/strong> ha desarrollado una diversa cantidad de obras incluyendo proyectos comerciales, residenciales, y equipamientos, tanto de peque\u00f1a como de gran escala. En el estudio se combina la pr\u00e1ctica de la arquitectura de encargos privados junto con la pr\u00e1ctica de obra p\u00fablica a trav\u00e9s de concursos.<\/p>\n\n<p>Su filosof\u00eda se caracteriza por la capacidad de entender las necesidades de cada cliente y de cada proyecto. Leer el lugar y adaptarse al territorio es otra de las inquietudes en cada trabajo. El estudio busca encontrar la soluci\u00f3n m\u00e1s coherente a cada problema, intentando dar un paso m\u00e1s all\u00e1 en cuanto a soluciones arquitect\u00f3nicas y tecnol\u00f3gicas. El objetivo es crear una arquitectura con la capacidad de emocionar a los que viven en ella o la visitan.<\/p>\n\n<p>Su director, Jaime Prous, combina la pr\u00e1ctica de la profesi\u00f3n con actividades complementarias como la docencia y la investigaci\u00f3n. Es profesor del departamento de tecnolog\u00eda de la ETSAV de la UPC en el campus de Sant Cugat del Vall\u00e9s y coautor del libro <em>Deep Skin<\/em>, un ensayo sobre tecnolog\u00eda.<\/p>\n\n<p>El estudio ha sido publicado en numerosas ocasiones y ha sido nominado y ganador de diversos premios. Entre los que destacan los siguientes:<\/p>\n\n<h2 class=\"wp-block-heading\"><strong>PREMIOS<\/strong><\/h2>\n\n<p>Finalista I FAD 2023 I Paisajismo<br\/>Bassa D.O Alella, Alella<\/p>\n\n<p>Menci\u00f3n de honor I Premis d\u2019Arquitectura de les Comarques de Girona 2023 | Arquitecturas<br\/>L\u2019alzina, Caldes de Malavella<\/p>\n\n<p>Seleccionado I CSCAE 2023 I Arquitectura <br\/>L\u2019alzina, Caldes de Malavella<\/p>\n\n<p>Selected I Prize Winners 2021 I Architecture<br\/>Villa Gesep, La Garriga<\/p>\n\n<p>Obra premiada I Premios Bulthaup 2020 I La cocina como espacio vital<br\/>Villa Sesom, Caldes de Malavella<\/p>\n\n<p>Obra premiada | Premios AJAC XI <br\/>Stand Alumilux<\/p>\n\n<p>Obra seleccionada | Premis d\u2019Arquitectura de les Comarques de Girona 2018 | Arquitecturas <br\/>Apartamentos La Selva, Caldes de Malavella<\/p>\n\n<p>Seleccionado | FAD 2017 | Intervenciones Efimeras <br\/>Catifa D\u2019alumini 9X16m, Alumilux, Banyoles<\/p>\n\n<p>Obra seleccionada | Premis d&#8217;Arquitectura de les Comarques de Girona 2017 | Arquitecturas<br\/>Showvila La Pineda, Caldes de Malavella<\/p>\n\n<p>Mejor Stand | Premio Bb Construmat 2017 <br\/>Stand Alumilux<\/p>\n","protected":false},"excerpt":{"rendered":"<p>El equipo de Jaime Prous Architecs ha desarrollado una diversa cantidad de obras incluyendo proyectos comerciales, residenciales, y equipamientos, tanto de peque\u00f1a como de gran escala. En el estudio se combina la pr\u00e1ctica de la arquitectura de encargos privados junto con la pr\u00e1ctica de obra p\u00fablica a trav\u00e9s de concursos. Su filosof\u00eda se caracteriza por [&hellip;]<\/p>\n","protected":false},"author":1,"featured_media":1432,"parent":0,"menu_order":2,"comment_status":"closed","ping_status":"closed","template":"","meta":{"footnotes":""},"hf_cat_page":[12],"class_list":["post-2307","page","type-page","status-publish","has-post-thumbnail","hentry"],"meta_box":[],"_links":{"self":[{"href":"https:\/\/jprousarchitects.com\/es\/wp-json\/wp\/v2\/pages\/2307","targetHints":{"allow":["GET"]}}],"collection":[{"href":"https:\/\/jprousarchitects.com\/es\/wp-json\/wp\/v2\/pages"}],"about":[{"href":"https:\/\/jprousarchitects.com\/es\/wp-json\/wp\/v2\/types\/page"}],"author":[{"embeddable":true,"href":"https:\/\/jprousarchitects.com\/es\/wp-json\/wp\/v2\/users\/1"}],"replies":[{"embeddable":true,"href":"https:\/\/jprousarchitects.com\/es\/wp-json\/wp\/v2\/comments?post=2307"}],"version-history":[{"count":0,"href":"https:\/\/jprousarchitects.com\/es\/wp-json\/wp\/v2\/pages\/2307\/revisions"}],"wp:featuredmedia":[{"embeddable":true,"href":"https:\/\/jprousarchitects.com\/es\/wp-json\/wp\/v2\/media\/1432"}],"wp:attachment":[{"href":"https:\/\/jprousarchitects.com\/es\/wp-json\/wp\/v2\/media?parent=2307"}],"wp:term":[{"taxonomy":"hf_cat_page","embeddable":true,"href":"https:\/\/jprousarchitects.com\/es\/wp-json\/wp\/v2\/hf_cat_page?post=2307"}],"curies":[{"name":"wp","href":"https:\/\/api.w.org\/{rel}","templated":true}]}}