{"id":2849,"date":"2024-11-22T12:04:07","date_gmt":"2024-11-22T11:04:07","guid":{"rendered":"https:\/\/jprousarchitects.com\/accesibilidad\/"},"modified":"2025-07-11T10:28:56","modified_gmt":"2025-07-11T09:28:56","slug":"accesibilidad","status":"publish","type":"page","link":"https:\/\/jprousarchitects.com\/es\/accesibilidad\/","title":{"rendered":"Accesibilidad"},"content":{"rendered":"\n<p>Jaime Prous Arquitectos SL. se ha comprometido a que su sitio web sea accesible conforme a la norma UNE-EN 301 549:2022 (versi\u00f3n oficial en espa\u00f1ol de la norma europea EN 301 549 v.3.2.1 (2021-03). Esta declaraci\u00f3n de accesibilidad se aplica a jprousarchitects.com.  <\/p>\n\n<h2 class=\"wp-block-heading\">Accesibilidad web<\/h2>\n\n<p>Creemos en proporcionar un entorno digital inclusivo en el que todo el mundo pueda acceder a nuestros contenidos, productos y servicios, independientemente de sus capacidades. Nuestro compromiso con la accesibilidad no consiste s\u00f3lo en cumplir las normas, sino en proporcionar una experiencia excelente a todos los usuarios. <\/p>\n\n<p>Para cumplir esto, nuestro objetivo es adherirnos lo mejor posible a las Pautas de Accesibilidad al Contenido en la Web 2.1 (WCAG 2.1) del Consorcio World Wide Web (W3C) en el nivel AA.<\/p>\n\n<p>Y por esa raz\u00f3n:<\/p>\n\n<ul class=\"wp-block-list\">\n<li>Trabajamos para que nuestro sitio web sea compatible con la mayor\u00eda de navegadores y dispositivos.<\/li>\n\n\n\n<li>Nuestro sitio web est\u00e1 dise\u00f1ado para poder navegar con un teclado.<\/li>\n\n\n\n<li>Nos esforzamos por mantener un dise\u00f1o coherente en todo el sitio web.<\/li>\n\n\n\n<li>Comprobamos las relaciones de contraste entre los colores utilizados.<\/li>\n\n\n\n<li>Nos esforzamos por cumplir otras normas de accesibilidad WCAG (nivel AA).<\/li>\n<\/ul>\n\n<h2 class=\"wp-block-heading\">Lector de pantalla y navegaci\u00f3n por teclado<\/h2>\n\n<p>Nuestro sitio web aplica la t\u00e9cnica de atributos ARIA (Aplicaciones de Internet Ricas y Accesibles) para garantizar que los usuarios con discapacidad visual que utilicen lectores de pantalla o VoiceOver puedan leer, comprender y disfrutar del sitio web.<\/p>\n\n<p>Proporcionamos datos significativos a los lectores de pantalla utilizando el conjunto de atributos ARIA. Por ejemplo, proporcionamos etiquetas de formulario precisas; descripciones de iconos; orientaci\u00f3n de validaci\u00f3n para entradas de formulario; funciones de elementos como botones, men\u00fas, di\u00e1logos modales (ventanas emergentes) y otros. <\/p>\n\n<p>Adem\u00e1s, las im\u00e1genes tienen una etiqueta ALT (texto alternativo) con una descripci\u00f3n contextual de lo que se est\u00e1 viendo.<\/p>\n\n<p>Adem\u00e1s, el sitio web se puede manejar con el teclado. Esto incluye la posibilidad de navegar por el sitio web con las teclas Tab y May\u00fas + Tab, manejar men\u00fas desplegables con las teclas de flecha, cerrarlos con Esc, activar botones y enlaces con la tecla Intro, navegar entre elementos de radio y casillas de verificaci\u00f3n con las teclas de flecha, y rellenarlos con la barra espaciadora o la tecla Intro. <\/p>\n\n<p>Adem\u00e1s, los usuarios del teclado encontrar\u00e1n men\u00fas de navegaci\u00f3n r\u00e1pida y de salto de contenido, disponibles como primer elemento del sitio al navegar con el teclado.<\/p>\n\n<h2 class=\"wp-block-heading\">Sugerencias para mejorar la accesibilidad<\/h2>\n\n<p>Valoramos tus comentarios y siempre estamos intentando mejorar nuestras funciones de accesibilidad. Si encuentras barreras de accesibilidad o tienes sugerencias sobre c\u00f3mo podemos mejorar, ponte en contacto con nosotros: <\/p>\n\n<p>Correo electr\u00f3nico: hola@jaimeprousarc-zrkt.1wp.site<br\/>Tel\u00e9fono: +34 933 606 781<\/p>\n","protected":false},"excerpt":{"rendered":"<p>Jaime Prous Arquitectos SL. se ha comprometido a que su sitio web sea accesible conforme a la norma UNE-EN 301 549:2022 (versi\u00f3n oficial en espa\u00f1ol de la norma europea EN 301 549 v.3.2.1 (2021-03). Esta declaraci\u00f3n de accesibilidad se aplica a jprousarchitects.com. Accesibilidad web Creemos en proporcionar un entorno digital inclusivo en el que todo [&hellip;]<\/p>\n","protected":false},"author":1,"featured_media":0,"parent":0,"menu_order":4,"comment_status":"closed","ping_status":"closed","template":"","meta":{"footnotes":""},"hf_cat_page":[11],"class_list":["post-2849","page","type-page","status-publish","hentry"],"meta_box":[],"_links":{"self":[{"href":"https:\/\/jprousarchitects.com\/es\/wp-json\/wp\/v2\/pages\/2849","targetHints":{"allow":["GET"]}}],"collection":[{"href":"https:\/\/jprousarchitects.com\/es\/wp-json\/wp\/v2\/pages"}],"about":[{"href":"https:\/\/jprousarchitects.com\/es\/wp-json\/wp\/v2\/types\/page"}],"author":[{"embeddable":true,"href":"https:\/\/jprousarchitects.com\/es\/wp-json\/wp\/v2\/users\/1"}],"replies":[{"embeddable":true,"href":"https:\/\/jprousarchitects.com\/es\/wp-json\/wp\/v2\/comments?post=2849"}],"version-history":[{"count":1,"href":"https:\/\/jprousarchitects.com\/es\/wp-json\/wp\/v2\/pages\/2849\/revisions"}],"predecessor-version":[{"id":2850,"href":"https:\/\/jprousarchitects.com\/es\/wp-json\/wp\/v2\/pages\/2849\/revisions\/2850"}],"wp:attachment":[{"href":"https:\/\/jprousarchitects.com\/es\/wp-json\/wp\/v2\/media?parent=2849"}],"wp:term":[{"taxonomy":"hf_cat_page","embeddable":true,"href":"https:\/\/jprousarchitects.com\/es\/wp-json\/wp\/v2\/hf_cat_page?post=2849"}],"curies":[{"name":"wp","href":"https:\/\/api.w.org\/{rel}","templated":true}]}}