{"id":2851,"date":"2024-01-28T18:16:37","date_gmt":"2024-01-28T17:16:37","guid":{"rendered":"https:\/\/jprousarchitects.com\/aviso-legal\/"},"modified":"2025-07-11T10:29:56","modified_gmt":"2025-07-11T09:29:56","slug":"aviso-legal","status":"publish","type":"page","link":"https:\/\/jprousarchitects.com\/es\/aviso-legal\/","title":{"rendered":"Aviso Legal"},"content":{"rendered":"\n<p>En cumplimiento del art\u00edculo 10 de la Ley 34\/2002, de 11 de julio, de Servicios de la Sociedad de la Informaci\u00f3n y Comercio Electr\u00f3nico, te facilitamos la siguiente informaci\u00f3n:<\/p>\n\n<p>JAIME PROUS ARQUITECTOS, SL. tiene su domicilio en Rambla Catalunya 120, 3\u00aa planta, con CIF B66484486. Inscrita en el Registro Mercantil de Barcelona, Tomo 44703, Folio 6, Hoja B-473963, Inscripci\u00f3n 138\/2015.   <\/p>\n\n<p>En la p\u00e1gina web <a href=\"https:\/\/jprousarchitects.com\/\">www.jprousarchitects.com<\/a> hay una serie de contenidos informativos sobre los proyectos realizados en el estudio desde su creaci\u00f3n hasta la actualidad. Su principal objetivo es proporcionar a los clientes y al p\u00fablico en general informaci\u00f3n sobre la empresa, los productos y los servicios que ofrece. &#8220;<\/p>\n\n<p><\/p>\n","protected":false},"excerpt":{"rendered":"<p>En cumplimiento del art\u00edculo 10 de la Ley 34\/2002, de 11 de julio, de Servicios de la Sociedad de la Informaci\u00f3n y Comercio Electr\u00f3nico, te facilitamos la siguiente informaci\u00f3n: JAIME PROUS ARQUITECTOS, SL. tiene su domicilio en Rambla Catalunya 120, 3\u00aa planta, con CIF B66484486. Inscrita en el Registro Mercantil de Barcelona, Tomo 44703, Folio [&hellip;]<\/p>\n","protected":false},"author":1,"featured_media":0,"parent":0,"menu_order":1,"comment_status":"closed","ping_status":"closed","template":"","meta":{"footnotes":""},"hf_cat_page":[11],"class_list":["post-2851","page","type-page","status-publish","hentry"],"meta_box":[],"_links":{"self":[{"href":"https:\/\/jprousarchitects.com\/es\/wp-json\/wp\/v2\/pages\/2851","targetHints":{"allow":["GET"]}}],"collection":[{"href":"https:\/\/jprousarchitects.com\/es\/wp-json\/wp\/v2\/pages"}],"about":[{"href":"https:\/\/jprousarchitects.com\/es\/wp-json\/wp\/v2\/types\/page"}],"author":[{"embeddable":true,"href":"https:\/\/jprousarchitects.com\/es\/wp-json\/wp\/v2\/users\/1"}],"replies":[{"embeddable":true,"href":"https:\/\/jprousarchitects.com\/es\/wp-json\/wp\/v2\/comments?post=2851"}],"version-history":[{"count":1,"href":"https:\/\/jprousarchitects.com\/es\/wp-json\/wp\/v2\/pages\/2851\/revisions"}],"predecessor-version":[{"id":2852,"href":"https:\/\/jprousarchitects.com\/es\/wp-json\/wp\/v2\/pages\/2851\/revisions\/2852"}],"wp:attachment":[{"href":"https:\/\/jprousarchitects.com\/es\/wp-json\/wp\/v2\/media?parent=2851"}],"wp:term":[{"taxonomy":"hf_cat_page","embeddable":true,"href":"https:\/\/jprousarchitects.com\/es\/wp-json\/wp\/v2\/hf_cat_page?post=2851"}],"curies":[{"name":"wp","href":"https:\/\/api.w.org\/{rel}","templated":true}]}}